{"id":8,"date":"2024-08-27T04:11:18","date_gmt":"2024-08-27T04:11:18","guid":{"rendered":"https:\/\/check.hymer-acceleration.de\/?page_id=8"},"modified":"2024-09-18T05:14:48","modified_gmt":"2024-09-18T05:14:48","slug":"quiz","status":"publish","type":"page","link":"https:\/\/check.hymer-acceleration.de\/","title":{"rendered":"Quiz"},"content":{"rendered":"\t\t<div data-elementor-type=\"wp-page\" data-elementor-id=\"8\" class=\"elementor elementor-8\" data-elementor-post-type=\"page\">\n\t\t\t\t<div class=\"elementor-element elementor-element-4e7d3554 e-flex e-con-boxed e-con e-parent\" data-id=\"4e7d3554\" data-element_type=\"container\" data-e-type=\"container\" data-settings=\"{&quot;background_background&quot;:&quot;classic&quot;}\">\n\t\t\t\t\t<div class=\"e-con-inner\">\n\t\t\t\t<div class=\"elementor-element elementor-element-3a0db99 elementor-widget elementor-widget-shortcode\" data-id=\"3a0db99\" data-element_type=\"widget\" data-e-type=\"widget\" data-widget_type=\"shortcode.default\">\n\t\t\t\t<div class=\"elementor-widget-container\">\n\t\t\t\t\t\t\t<div class=\"elementor-shortcode\">  \t\n\t<div class=\"quiz-container\">\n\t\t<div class=\"quiz-header\">\n\t\t\t<div class=\"d-flex p-3 align-items-center\">\n\t\t\t\t<img decoding=\"async\" src=\"https:\/\/check.hymer-acceleration.de\/wp-content\/plugins\/quiz-control\/assets\/icons\/quiz-icon.png\" width=\"60px\" height=\"60px\" \/>\n\t\t\t\t<h5>Welcher Ansatz k\u00f6nnte hilfreich sein? <\/h5>\n\t\t\t<\/div>\n\t\t\t<div class=\"quiz-border\"><\/div>\n\t\t<\/div>\n\t\t<div class=\"quiz-body\">\n\t\t\t\n\t\t\t<div class=\"quiz-sidebar\">\n\t\t\t\t<div class=\"quiz-steps\">\n\t\t\t\t\t<div class=\"step active\" data-step=\"1\">\n\t\t\t\t\t\t<div class=\"circle\">1<\/div>\n\t\t\t\t\t<\/div>\n\t\t\t\t\t<div class=\"step\" data-step=\"2\">\n\t\t\t\t\t\t<div class=\"circle\">2<\/div>\n\t\t\t\t\t<\/div>\n\t\t\t\t\t<div class=\"step\" data-step=\"3\">\n\t\t\t\t\t\t<div class=\"circle\">3<\/div>\n\t\t\t\t\t<\/div>\n\t\t\t\t\t<div class=\"step\" data-step=\"4\">\n\t\t\t\t\t\t<div class=\"circle\">4<\/div>\n\t\t\t\t\t<\/div>\n\t\t\t\t\t<div class=\"step\" data-step=\"5\">\n\t\t\t\t\t\t<div class=\"circle\">5<\/div>\n\t\t\t\t\t<\/div>\n\t\t\t\t\t<div class=\"step\" data-step=\"6\">\n\t\t\t\t\t\t<div class=\"circle\">6<\/div>\n\t\t\t\t\t<\/div>\n\t\t\t\t\t<div class=\"step\" data-step=\"7\">\n\t\t\t\t\t\t<div class=\"circle\">7<\/div>\n\t\t\t\t\t<\/div>\n\t\t\t\t<\/div>\n\t\t\t<\/div>\n\n\t\t\t<div class=\"quiz-content\">\n\t\t\t\t<div class=\"quiz-inner active\" data-slide=\"1\">\n\t\t\t\t\t<div class=\"quiz-slider\" >\n\t\t\t\t\t\t<h4>Herzlich Willkommen zum Quick Check!<\/h4>\n\t\t\t\t\t\t<p>Willkommen auf unserer Webseite! Als F\u00fchrungskraft m\u00f6chtest du sicherstellen, dass du den besten Ansatz f\u00fcr dein Team und dein Unternehmen w\u00e4hlst? Unser F\u00fchrungsstil-Check unterst\u00fctzt dich dabei, herauszufinden, welcher F\u00fchrungsansatz f\u00fcr deine spezifische Situation am besten geeignet ist.<\/p>\n\t\t\t\t\t\t<p>In einer dynamischen und schnelllebigen Umgebung k\u00f6nnte ein agiler und flexibler F\u00fchrungsstil der Schl\u00fcssel zum Erfolg sein. Dieser Ansatz betont Anpassungsf\u00e4higkeit und schnelle Reaktionen auf Ver\u00e4nderungen. Alternativ kann in einem stabilen und gut planbaren Umfeld ein traditioneller, auf Standardisierung und Optimierung ausgerichteter F\u00fchrungsstil die besten Ergebnisse erzielen.<\/p>\n\t\t\t\t\t\t<p>Mit unserem F\u00fchrungsstil-Check erh\u00e4ltst du eine klare Orientierung, welcher dieser Ans\u00e4tze dir und deinem Team den gr\u00f6\u00dften Nutzen bringt. Wir stellen dir dazu verschiedene Aussagen vor, bei denen du intuitiv entscheiden kannst, welche dir mehr zusagen. Je nachdem, wie du die Schieberegler positionierst, wirst du herausfinden, ob ein agiler oder ein traditioneller F\u00fchrungsstil f\u00fcr dich und dein Unternehmen besser geeignet ist.<\/p>\n\t\t\t\t\t\t<p>Und keine Sorge: Deine Antworten bleiben anonym und du allein entscheidest, wie du mit den Ergebnissen weiter verf\u00e4hrst. Es gibt kein \u201erichtig\u201c oder \u201efalsch\u201c \u2013 es geht darum, den F\u00fchrungsstil zu finden, der am besten zu dir und deinem Umfeld passt. Schlie\u00dflich sind wir davon \u00fcberzeugt, dass der richtige F\u00fchrungsansatz nicht nur dein Unternehmen voranbringt, sondern auch dazu beitr\u00e4gt, dass du und dein Team euer volles Potenzial entfalten k\u00f6nnt.<\/p>\n\t\t\t\t\t\t<p>Starte jetzt und finde heraus, welcher F\u00fchrungsstil der richtige f\u00fcr dich ist!<\/p>\n\t\t\t\t\t<\/div>\n\t\t\t\t\t<div class=\"quiz-footer\">\n\t\t\t\t\t\t<p><\/p>\n\t\t\t\t\t\t<button id=\"getCategoryPage\" class=\"quiz-btn\">weiter<\/button>\n\t\t\t\t\t<\/div>\n\t\t\t\t<\/div>\n\n\t\t\t\t<div class=\"quiz-inner\" data-slide=\"2\">\n\t\t\t\t\t<div class=\"quiz-slider\">\n\t\t\t\t\t\t<h4>Unsere KATEGORIEN<\/h4>\n\t\t\t\t\t\t<p>Auf dieser Seite m\u00f6chten wir dir die Kategorien vorstellen, die wir nutzen, um zu \u00fcberpr\u00fcfen, welcher Ansatz in deinem spezifischen Kontext und unter den aktuellen Rahmenbedingungen am besten passt. Jede dieser Kategorien spielt eine wesentliche Rolle, um die Anforderungen und Herausforderungen deines Unternehmens pr\u00e4zise zu erfassen.<\/p>\n\t\t\t\t\t\t<div class=\"category-container\">\n\t\t\t\t\t\t\t<div class=\"category-box-wrapper\" data-term-id=\"3\">\n\t\t\t<div class=\"category-box\">\n\t\t\t<div class=\"category-title\">\n\t\t\t\t<img decoding=\"async\" src=\"https:\/\/check.hymer-acceleration.de\/wp-content\/uploads\/2024\/09\/customer.gif\" width=\"80px\" height=\"80px\"\/>\n\t\t\t\t<h4>Customer<\/h4>\n\t\t\t<\/div>\n\t\t\t<p>In dieser Kategorie liegt der Fokus auf deinen Kunden und deren Bed\u00fcrfnisse. Hier wird untersucht, wie gut dein Unternehmen auf die W\u00fcnsche und Erwartungen der Kunden eingeht und wie Kundenorientierung in der t\u00e4glichen Arbeit verankert ist.<\/p>\n\t\t\t<div class=\"quiz-form-input\">\n\t\t\t\t<input class=\"quiz-category\" type=\"checkbox\" value=\"3\" id=\"term-3\" name=\"quiz_category[]\"><label for=\"term-3\">ausw\u00e4hlen<\/label>\n\t\t\t<\/div>\t\t\t\t\t\t\t\t\n\t\t<\/div>\n\t<\/div><div class=\"category-box-wrapper\" data-term-id=\"4\">\n\t\t\t<div class=\"category-box\">\n\t\t\t<div class=\"category-title\">\n\t\t\t\t<img decoding=\"async\" src=\"https:\/\/check.hymer-acceleration.de\/wp-content\/uploads\/2024\/09\/knowhow.gif\" width=\"80px\" height=\"80px\"\/>\n\t\t\t\t<h4>KnowHow<\/h4>\n\t\t\t<\/div>\n\t\t\t<p>Diese Kategorie besch\u00e4ftigt sich mit dem Wissen und den Kompetenzen innerhalb deines Unternehmens. Es wird gepr\u00fcft, wie Wissen generiert, genutzt und weitergegeben wird. Dabei wird auch die F\u00e4higkeit deines Unternehmens betrachtet, neues Wissen aufzunehmen und bestehende Kompetenzen zu erweitern.<\/p>\n\t\t\t<div class=\"quiz-form-input\">\n\t\t\t\t<input class=\"quiz-category\" type=\"checkbox\" value=\"4\" id=\"term-4\" name=\"quiz_category[]\"><label for=\"term-4\">ausw\u00e4hlen<\/label>\n\t\t\t<\/div>\t\t\t\t\t\t\t\t\n\t\t<\/div>\n\t<\/div><div class=\"category-box-wrapper\" data-term-id=\"8\">\n\t\t\t<div class=\"category-box\">\n\t\t\t<div class=\"category-title\">\n\t\t\t\t<img decoding=\"async\" src=\"https:\/\/check.hymer-acceleration.de\/wp-content\/uploads\/2024\/09\/leadership.gif\" width=\"80px\" height=\"80px\"\/>\n\t\t\t\t<h4>Leadership<\/h4>\n\t\t\t<\/div>\n\t\t\t<p>In der Kategorie \u201eLeadership\u201c betrachten wir die Art und Weise, wie F\u00fchrung in deinem Unternehmen gestaltet wird. Dabei geht es um die Struktur und Ausrichtung der F\u00fchrung, die Arbeitsweisen, die Kommunikation im Team sowie die Entscheidungskompetenzen. Diese Kategorie hilft dir zu verstehen, welche F\u00fchrungspraktiken in deinem Umfeld am besten wirken.<\/p>\n\t\t\t<div class=\"quiz-form-input\">\n\t\t\t\t<input class=\"quiz-category\" type=\"checkbox\" value=\"8\" id=\"term-8\" name=\"quiz_category[]\"><label for=\"term-8\">ausw\u00e4hlen<\/label>\n\t\t\t<\/div>\t\t\t\t\t\t\t\t\n\t\t<\/div>\n\t<\/div><div class=\"category-box-wrapper\" data-term-id=\"5\">\n\t\t\t<div class=\"category-box\">\n\t\t\t<div class=\"category-title\">\n\t\t\t\t<img decoding=\"async\" src=\"https:\/\/check.hymer-acceleration.de\/wp-content\/uploads\/2024\/09\/market.gif\" width=\"80px\" height=\"80px\"\/>\n\t\t\t\t<h4>Market<\/h4>\n\t\t\t<\/div>\n\t\t\t<p>Die Kategorie \u201eMarket\u201c analysiert das Marktumfeld, in dem dein Unternehmen t\u00e4tig ist. Es geht darum, die Marktbedingungen, die Wettbewerbssituation sowie die wirtschaftlichen Rahmenbedingungen zu verstehen. Diese Kategorie hilft dabei, die Anforderungen des Marktes richtig einzuordnen.<\/p>\n\t\t\t<div class=\"quiz-form-input\">\n\t\t\t\t<input class=\"quiz-category\" type=\"checkbox\" value=\"5\" id=\"term-5\" name=\"quiz_category[]\"><label for=\"term-5\">ausw\u00e4hlen<\/label>\n\t\t\t<\/div>\t\t\t\t\t\t\t\t\n\t\t<\/div>\n\t<\/div><div class=\"category-box-wrapper\" data-term-id=\"6\">\n\t\t\t<div class=\"category-box\">\n\t\t\t<div class=\"category-title\">\n\t\t\t\t<img decoding=\"async\" src=\"https:\/\/check.hymer-acceleration.de\/wp-content\/uploads\/2024\/09\/process.gif\" width=\"80px\" height=\"80px\"\/>\n\t\t\t\t<h4>Process<\/h4>\n\t\t\t<\/div>\n\t\t\t<p>Die Kategorie \u201eProcess\u201c befasst sich mit den internen Abl\u00e4ufen und Strukturen deines Unternehmens. Hier geht es darum, wie Prozesse gestaltet, koordiniert und optimiert werden. Es wird gepr\u00fcft, ob die bestehenden Abl\u00e4ufe den Anforderungen deines Unternehmens gerecht werden und wie sie weiterentwickelt werden k\u00f6nnen.<\/p>\n\t\t\t<div class=\"quiz-form-input\">\n\t\t\t\t<input class=\"quiz-category\" type=\"checkbox\" value=\"6\" id=\"term-6\" name=\"quiz_category[]\"><label for=\"term-6\">ausw\u00e4hlen<\/label>\n\t\t\t<\/div>\t\t\t\t\t\t\t\t\n\t\t<\/div>\n\t<\/div><div class=\"category-box-wrapper\" data-term-id=\"7\">\n\t\t\t<div class=\"category-box\">\n\t\t\t<div class=\"category-title\">\n\t\t\t\t<img decoding=\"async\" src=\"https:\/\/check.hymer-acceleration.de\/wp-content\/uploads\/2024\/09\/product.gif\" width=\"80px\" height=\"80px\"\/>\n\t\t\t\t<h4>Product<\/h4>\n\t\t\t<\/div>\n\t\t\t<p>In der Kategorie \u201eProduct\u201c steht die Produkt- oder Dienstleistungsentwicklung im Mittelpunkt. Hier betrachten wir, wie Produkte entworfen, entwickelt und auf den Markt gebracht werden. Es wird analysiert, wie gut deine Produkte den Bed\u00fcrfnissen des Marktes entsprechen und welche Innovationskraft dein Unternehmen besitzt.<\/p>\n\t\t\t<div class=\"quiz-form-input\">\n\t\t\t\t<input class=\"quiz-category\" type=\"checkbox\" value=\"7\" id=\"term-7\" name=\"quiz_category[]\"><label for=\"term-7\">ausw\u00e4hlen<\/label>\n\t\t\t<\/div>\t\t\t\t\t\t\t\t\n\t\t<\/div>\n\t<\/div>\t\t\t\t\t\t\t\n\t\t\t\t\t\t<\/div>\n\t\t\t\t\t<\/div>\n\t\t\t\t\t<div class=\"quiz-footer\">\n\t\t\t\t\t\t<p class=\"text-white\">Dir werden aktuell <span class=\"d-none\" id=\"originalQuestion\">0<\/span><strong id=\"totalQuestion\">0<\/strong> Fragen zu diesem Thema gestellt<\/p>\n\t\t\t\t\t\t<div class=\"question-percentage\">\n\t\t\t\t\t\t\t<label>Question %: <span id=\"question-percentage\">100<\/span><\/label>\n\t\t\t\t\t\t\t<input id=\"percentageRange\" type=\"range\" min=\"25\" max=\"100\" value=\"100\" onchange=\"updatePercentageValue(this.value);\"  step=\"25\">\n\t\t\t\t\t\t<\/div>\n\t\t\t\t\t\t<button id=\"startQuiz\" class=\"quiz-btn\" disabled=\"disabled\">weiter<\/button>\n\t\t\t\t\t<\/div>\n\t\t\t\t<\/div>\n\n\t\t\t\t<div class=\"quiz-inner\" data-slide=\"3\">\n\t\t\t\t\t<div class=\"quiz-slider\">\n\t\t\t\t\t\t<h4>Unsere FRAGEN<\/h4>\n\t\t\t\t\t\t<p>Welcher dieser Situationen beschreibt aktuell deine Anforderungen <\/p>\n\t\t\t\t\t\t<!-- Dynamically Populate the Question -->\n\t\t\t\t\t\t<div class=\"quiz-list-wrapper\"><\/div>\n\t\t\t\t\t\t<div class=\"quiz-footer\">\n\t\t\t\t\t\t\t<p><\/p>\n\t\t\t\t\t\t\t<button id=\"getResult\" class=\"quiz-btn d-none\" >weiter<\/button>\n\t\t\t\t\t\t<\/div>\n\t\t\t\t\t<\/div>\n\t\t\t\t<\/div>\n\t\t\t\t<div class=\"quiz-inner\" data-slide=\"4\">\n\t\t\t\t\t<div class=\"quiz-slider\">\n\t\t\t\t\t\t<h4>Dein aktuelles BEDARFSPROFIL<\/h4>\n\t\t\t\t\t\t<p>Herzlichen Gl\u00fcckwunsch, du hast alle Fragen beantwortet! Auf dieser Seite pr\u00e4sentieren wir dir nun die Ergebnisse deiner Analyse.<\/p>\n\t\t\t\t\t\t<p>Anhand deiner Antworten haben wir die Positionierung der einzelnen Kategorien auf einer Matrix visualisiert, die auf dem Prinzip der Stacey Matrix basiert. Diese Matrix hilft dir zu erkennen, in welchem Bereich deiner Organisation eher eine flexible, anpassungsf\u00e4hige Vorgehensweise erforderlich ist und wo stabile, planbare Strukturen von Vorteil sind.<\/p>\n\t\t\t\t\t\t<p>Jede Kategorie wird auf der Matrix entsprechend ihrer Komplexit\u00e4t und Unsicherheit eingeordnet, sodass du einen klaren \u00dcberblick dar\u00fcber erh\u00e4ltst, welcher Ansatz in welchem Bereich f\u00fcr dich am besten geeignet ist.<\/p>\n\t\t\t\t\t\t<p>Nutze diese Visualisierung, um gezielte Entscheidungen f\u00fcr deine n\u00e4chste Strategie zu treffen!<\/p>\n\t\t\t\t\t\t<!-- Dynamically Populate the Result Set  -->\n\t\t\t\t\t\t<div class=\"quiz-result-wrapper\">RESULT GRAPH<\/div>\n\t\t\t\t\t\t<div class=\"quiz-footer\">\n\t\t\t\t\t\t\t<p><\/p>\n\t\t\t\t\t\t\t<button id=\"getCategoryGraph\" class=\"quiz-btn\">weiter<\/button>\n\t\t\t\t\t\t<\/div>\n\t\t\t\t\t<\/div>\n\t\t\t\t<\/div>\n\t\t\t\t<div class=\"quiz-inner\" data-slide=\"5\">\n\t\t\t\t\t<div class=\"quiz-slider\">\n\t\t\t\t\t\t<h4>Dein ERGEBNIS<\/h4>\n\t\t\t\t\t\t<p>asierend auf den Ergebnissen aus der vorherigen Seite m\u00f6chten wir dir nun eine Interpretation der Positionierung deiner Kategorien auf der Matrix geben. Diese Interpretation hilft dir, die gewonnenen Erkenntnisse in konkrete Handlungsempfehlungen umzusetzen. Jede Kategorie wird dabei individuell betrachtet, um dir ma\u00dfgeschneiderte Empfehlungen f\u00fcr deine n\u00e4chste strategische Entscheidung zu geben.<\/p>\n\t\t\t\t\t\t<!-- Dynamically Populate the Result Set  -->\n\t\t\t\t\t\t<div class=\"quiz-category-graph-wrapper\">Category GRAPH<\/div>\n\t\t\t\t\t\t<div class=\"quiz-footer\">\n\t\t\t\t\t\t\t<p><\/p>\n\t\t\t\t\t\t\t<button id=\"getRecommendation\" class=\"quiz-btn\">weiter<\/button>\n\t\t\t\t\t\t<\/div>\n\t\t\t\t\t<\/div>\n\t\t\t\t<\/div>\n\t\t\t\t<div class=\"quiz-inner\" data-slide=\"6\">\n\t\t\t\t\t<div class=\"quiz-slider\">\n\t\t\t\t\t\t<h4>Die INTERPRETATION & EMPFEHLUNG<\/h4>\n\t\t\t\t\t\t<p>Auf dieser Seite m\u00f6chten wir dir die Kategorien vorstellen, die wir nutzen, um zu \u00fcberpr\u00fcfen, welcher Ansatz in deinem spezifischen Kontext und unter den aktuellen Rahmenbedingungen am besten passt. Jede dieser Kategorien spielt eine wesentliche Rolle, um die Anforderungen und Herausforderungen deines Unternehmens pr\u00e4zise zu erfassen.<\/p>\n\t\t\t\t\t\t<!-- Dynamically Populate the Recomendation -->\n\t\t\t\t\t\t<div class=\"recomendation-wrapper\"><\/div>\n\n\t\t\t\t\t\t<div class=\"recommendation-signup-section\">\n\t\t\t\t\t\t\t<div class=\"recomendation-blur-result\" style=\"background-image: url('https:\/\/check.hymer-acceleration.de\/wp-content\/plugins\/quiz-control\/assets\/icons\/blur.png');\">\n\t\t\t\t\t\t\t\t<h3>Die INTERPRETATION & EMPFEHLUNG <br\/>steht dir nach dem <br\/>\n\t\t\t\t\t\t\t\t\tAbo des Newsletters <br\/>\n\t\t\t\t\t\t\t\t\tvon HYMER ACCELERATION <br\/>\n\t\t\t\t\t\t\t\t\tzur Verf\u00fcgung\n\t\t\t\t\t\t\t\t<\/h3>\n\t\t\t\t\t\t\t<\/div>\n\t\t\t\t\t\t\t<div class=\"newsletter-signup circle-btn\">\n\t\t\t\t\t\t\t\t<h4><b>JETZT<\/b><br\/>Newsletter abonieren und AUSWERTUNG erhalten!<\/h4>\n\t\t\t\t\t\t\t<\/div>\n\t\t\t\t\t\t<\/div>\n\t\t\t\t\t\t<div class=\"recommendation-signup-form d-none\">\n\t\t\t\t\t\t\t<h2>Abonniere den Newsletter & erhalte das Ergebnis!<\/h2>\n\t\t\t\t\t\t\t<div class=\"recommendation-signup-wrapper\">\n\t\t\t\t\t\t\t\t<form id=\"newsletter\">\n\t\t\t\t\t\t\t\t\t<input type=\"text\" placeholder=\"Name\" name=\"name\" \/>\n\t\t\t\t\t\t\t\t\t<input type=\"email\" placeholder=\"Email\" name=\"email\" \/>\n\t\t\t\t\t\t\t\t<\/form>\n\t\t\t\t\t\t\t\t<div class=\"newsletter-description\">\n\t\t\t\t\t\t\t\t\t<h6>EINWILLIGUNG F\u00dcR DEN NEWSLETTER<\/h6>\n\t\t\t\t\t\t\t\t\t<p>Hiermit erteile ich gegen\u00fcber der HYMER-ACCELERATION.de \/ Roman Hymer (Hy.-Acc.) \u2013 meine Einwilligung in die Verarbeitung folgender Daten: Name, E-Mail-Adresse, IP-Adresse, Datum und Uhrzeit, Online-Kennzeichnungen.<\/p>\n\t\t\t\t\t\t\t\t\t<p>Ich willige ein, dass mir k\u00fcnftig der Newsletter von Hy.-Acc. zugeschickt wird. Ich bin ebenfalls damit einverstanden, dass mir im Rahmen des Double-Opt-In-Verfahrens eine Best\u00e4tigungs-E-Mail zugeschickt wird.<\/p>\n\t\t\t\t\t\t\t\t\t<p>Ich willige ein, dass meine vorstehend genannten Daten auch an den Newsletter-Dienst MailChimp vom Anbieter Rocket Science Group LLC, 675 Ponce De Leon Ave NE, Suite 5000, Atlanta, GA 30308, USA \u00fcbermittelt werden.<\/p>\n\t\t\t\t\t\t\t\t\t<p>Mir ist bewusst, dass eine Messung der verschickten und von mir empfangenen bzw. genutzten Newsletter erfolgt und diese statistischen Daten ausgewertet werden. Die Verarbeitung verfolgt den Zweck, mir den Newsletter zuschicken zu k\u00f6nnen. Dar\u00fcber hinaus erfolgt die Verarbeitung um das Nutzerverhalten der Newsletter-Abonnenten nachverfolgen zu k\u00f6nnen und die Reichweite bzw. den Erfolg des Newsletters einsch\u00e4tzen zu k\u00f6nnen.<\/p>\n\t\t\t\t\t\t\t\t\t<p>Ich habe das Recht, diese Einwilligung jederzeit ohne Angabe von Gr\u00fcnden zu widerrufen (z.B. per E-Mail an news@hymer-acceleration.de oder durch das Anklicken des daf\u00fcr vorgesehenen Link in dem Newsletter), ohne dass die Rechtm\u00e4\u00dfigkeit der aufgrund meiner Einwilligung bis zum Widerruf erfolgten Verarbeitung davon ber\u00fchrt wird.<\/p>\n\t\t\t\t\t\t\t\t<\/div>\n\t\t\t\t\t\t\t\t<div class=\"newsletter-footer\">\n\t\t\t\t\t\t\t\t\t<div><input type=\"checkbox\" name=\"terms_checkbox\" id=\"terms_checkbox\" \/> <label for=\"terms_checkbox\">Einwilligung erteilen<\/label><\/div>\n\t\t\t\t\t\t\t\t\t<div><button id=\"submitNewsletter\" class=\"quiz-btn flat-btn\">Newsletter abonieren<\/button><\/div>\n\t\t\t\t\t\t\t\t<\/div>\n\t\t\t\t\t\t\t<\/div>\n\t\t\t\t\t\t<\/div>\n\n\t\t\t\t\t<\/div>\n\t\t\t\t<\/div>\n\t\t\t\t<div class=\"quiz-inner\" data-slide=\"7\">\n\t\t\t\t\t<div class=\"quiz-slider\" id=\"printArea\">\n\t\t\t\t\t\t<h4>Die INTERPRETATION & EMPFEHLUNG<\/h4>\n\t\t\t\t\t\t<p>Auf dieser Seite m\u00f6chten wir dir die Kategorien vorstellen, die wir nutzen, um zu \u00fcberpr\u00fcfen, welcher Ansatz in deinem spezifischen Kontext und unter den aktuellen Rahmenbedingungen am besten passt. Jede dieser Kategorien spielt eine wesentliche Rolle, um die Anforderungen und Herausforderungen deines Unternehmens pr\u00e4zise zu erfassen.<\/p>\n\t\t\t\t\t\t<!-- Dynamically Populate the Recomendation -->\n\t\t\t\t\t\t<div class=\"final-recomendation-wrapper\"><\/div>\n\n\t\t\t\t\t\t<!-- Dynamically Populate the BubbleChart -->\n\t\t\t\t\t\t<div class=\"final-result-chart-with-compare\"><\/div>\n\n\t\t\t\t\t\t<div class=\"circle-btn download-pdf\">\n\t\t\t\t\t\t\t<h4><b>JETZT<\/b><br\/>Ergebnis speichern!<\/h4>\n\t\t\t\t\t\t<\/div>\n\t\t\t\t\t<\/div>\n\t\t\t\t<\/div>\n\t\t\t<\/div>\n\t\t<\/div>\n  \t<\/div>\n\t<\/div>\n\t\t\t\t\t\t<\/div>\n\t\t\t\t<\/div>\n\t\t\t\t\t<\/div>\n\t\t\t\t<\/div>\n\t\t\t\t<\/div>\n\t\t","protected":false},"excerpt":{"rendered":"","protected":false},"author":1,"featured_media":0,"parent":0,"menu_order":0,"comment_status":"closed","ping_status":"closed","template":"","meta":{"_acf_changed":false,"footnotes":""},"class_list":["post-8","page","type-page","status-publish","hentry"],"acf":[],"_links":{"self":[{"href":"https:\/\/check.hymer-acceleration.de\/index.php?rest_route=\/wp\/v2\/pages\/8","targetHints":{"allow":["GET"]}}],"collection":[{"href":"https:\/\/check.hymer-acceleration.de\/index.php?rest_route=\/wp\/v2\/pages"}],"about":[{"href":"https:\/\/check.hymer-acceleration.de\/index.php?rest_route=\/wp\/v2\/types\/page"}],"author":[{"embeddable":true,"href":"https:\/\/check.hymer-acceleration.de\/index.php?rest_route=\/wp\/v2\/users\/1"}],"replies":[{"embeddable":true,"href":"https:\/\/check.hymer-acceleration.de\/index.php?rest_route=%2Fwp%2Fv2%2Fcomments&post=8"}],"version-history":[{"count":14,"href":"https:\/\/check.hymer-acceleration.de\/index.php?rest_route=\/wp\/v2\/pages\/8\/revisions"}],"predecessor-version":[{"id":241,"href":"https:\/\/check.hymer-acceleration.de\/index.php?rest_route=\/wp\/v2\/pages\/8\/revisions\/241"}],"wp:attachment":[{"href":"https:\/\/check.hymer-acceleration.de\/index.php?rest_route=%2Fwp%2Fv2%2Fmedia&parent=8"}],"curies":[{"name":"wp","href":"https:\/\/api.w.org\/{rel}","templated":true}]}}